{"id":1329,"date":"2018-05-11T17:39:22","date_gmt":"2018-05-11T17:39:22","guid":{"rendered":"https:\/\/www.ichtich.de\/?page_id=1329"},"modified":"2024-11-01T12:12:29","modified_gmt":"2024-11-01T12:12:29","slug":"datenschutz","status":"publish","type":"page","link":"https:\/\/www.ichtich.de\/?page_id=1329","title":{"rendered":"Datenschutz"},"content":{"rendered":"<header class=\"entry-header\"><\/header>\n<h3 class=\"entry-title\">Geltungsbereich<\/h3>\n<p>Diese Datenschutzerkl\u00e4rung soll die Nutzer dieser Website \u00fcber die Art, den Umfang und den Zweck der Erhebung und Verwendung personenbezogener Daten durch den Websitebetreiber informieren. Der Websitebetreiber nimmt Ihren Datenschutz sehr ernst und behandelt Ihre personenbezogenen Daten vertraulich und entsprechend der gesetzlichen Vorschriften. Bedenken Sie, dass die Daten\u00fcbertragung im Internet grunds\u00e4tzlich Sicherheitsl\u00fccken haben kann. Ein vollumf\u00e4nglicher Schutz vor dem Zugriff durch Fremde ist nicht realisierbar.<\/p>\n<p>Definitionen der verwendeten Begriffe (z.B. \u201cpersonenbezogene Daten\u201d oder \u201cVerarbeitung\u201d) finden Sie in Art. 4 DSGVO.<\/p>\n<p>Konktaktdaten zum Websitebetreiber finden Sie im <a href=\"https:\/\/www.ichtich.de\/?page_id=6\">Impressum<\/a> dieser Website.<\/p>\n<h3><strong>Zugriffsdaten<\/strong><\/h3>\n<p>Der Websitebetreiber bzw. Seitenprovider erhebt aufgrund seines berechtigten Interesses (s. Art. 6 Abs. 1 lit. f. DSGVO) Daten \u00fcber Zugriffe auf die Website und speichert diese als \u201eServer-Logfiles\u201c auf dem Server der Website ab.<\/p>\n<p>Folgende Daten werden so protokolliert:<br \/>\n\u2013 Besuchte Website<br \/>\n\u2013 Uhrzeit zum Zeitpunkt des Zugriffes<br \/>\n\u2013 Menge der gesendeten Daten in Byte<br \/>\n\u2013 Quelle\/Verweis, von welchem Sie auf die Seite gelangten<br \/>\n\u2013 Verwendeter Browser<br \/>\n\u2013 Verwendetes Betriebssystem<br \/>\n\u2013 Verwendete IP-Adresse<\/p>\n<p>Der Seitenprovider, im Fall dieser Website die Firma STRATO, speichert IP-Adressen nur, soweit es zur Erbringung seiner Dienste erforderlich ist. Ansonsten werden die IP-Adressen gel\u00f6scht oder anonymisiert. Ihre IP-Adresse beim Besuch unserer Website wird zur Erkennung und Abwehr von Angriffen maximal sieben Tage lang gespeichert.<\/p>\n<h3><strong>Cookies<\/strong><\/h3>\n<p>Bei Cookies handelt es sich um kleine Textdateien, welche auf Ihrem Endger\u00e4t gespeichert werden. Ihr Browser greift auf diese Dateien zu. G\u00e4ngige Browser bieten die Einstellungsoption, Cookies nicht zuzulassen. Es ist nicht gew\u00e4hrleistet, dass Sie auf alle Funktionen dieser Website ohne Einschr\u00e4nkungen zugreifen k\u00f6nnen, wenn Sie entsprechende Einstellungen vornehmen.<\/p>\n<p>Beim Schreiben von Kommentaren auf der Website, werden die angegebenen Daten (Name, E-Mail-Adresse und Website) in Cookies gespeichert. Dies ist eine Komfortfunktion, damit diese Daten nicht erneut eingeben werden m\u00fcssen, wenn ein weiterer Kommentar geschrieben wird. Diese Cookies werden im Browser maximal ein Jahr lang gespeichert.<\/p>\n<p>Bei der Anmeldung wird ein tempor\u00e4res Cookie gesetzt, um festzustellen, ob der Browser Cookies akzeptiert. Dieses Cookie enth\u00e4lt keine personenbezogenen Daten und wird verworfen, wenn der\u00a0 Browser geschlossen wird. Bei der Anmeldung werden Cookies mit Anmeldeinformationen und Anzeigeoptionen gespeichert. Anmelde-Cookies verfallen nach zwei Tagen und Cookies f\u00fcr die Anzeigeoptionen nach einem Jahr. Falls bei der Anmeldung \u201eAngemeldet bleiben\u201c ausgew\u00e4hlt wird, wird die Anmeldung zwei Wochen lang aufrechterhalten. Mit der Abmeldung aus dem Konto werden die Anmelde-Cookies gel\u00f6scht.<\/p>\n<h3>Kommentare<\/h3>\n<p>Wenn Besucher Kommentare auf der Website schreiben, sammeln wir die Daten, die im Kommentar-Formular angezeigt werden, au\u00dferdem die IP-Adresse des Besuchers und den User-Agent-String (damit wird der Browser identifiziert), um die Erkennung von Spam zu unterst\u00fctzen.<\/p>\n<p>Das Namensfeld ist eine Pflichtangabe, es steht Ihnen nat\u00fcrlich frei hier statt Ihres echten Namens auch einen Fantasienamen einzugeben.<\/p>\n<div class=\"entry-content\">\n<h3><strong>Erfassung und Verarbeitung personenbezogener Daten<\/strong><\/h3>\n<p>Der Websitebetreiber erhebt, nutzt und gibt Ihre personenbezogenen Daten nur dann weiter, wenn dies im gesetzlichen Rahmen erlaubt ist oder Sie in die Datenerhebung einwilligen. Als personenbezogene Daten gelten s\u00e4mtliche Informationen, welche dazu dienen, Ihre Person zu bestimmen und welche zu Ihnen zur\u00fcckverfolgt werden k\u00f6nnen \u2013 also beispielsweise Ihr Name, Ihre E-Mail-Adresse und Telefonnummer.<\/p>\n<p>Diese Website k\u00f6nnen Sie auch besuchen, ohne explizite Angaben zu Ihrer Person zu machen. Zur Verbesserung unseres Online-Angebotes speichern wir jedoch (ohne Personenbezug) Ihre Zugriffsdaten auf diese Website. Zu diesen Zugriffsdaten geh\u00f6ren z. B. die von Ihnen angeforderte Datei oder der Name Ihres Internet-Providers. Durch die Anonymisierung der Daten sind R\u00fcckschl\u00fcsse auf Ihre Person nicht m\u00f6glich.<\/p>\n<p>Wenn Sie \u00fcber die unter Kontakt oder Impressum angegebenen Adresse mit uns in Konkakt treten speichern und verarbeiten wir Ihre angegebenen personenbezogenen Daten. Dies sind neben der E-Mail Adresse alle weiteren von Ihnen angegebenen Daten wie Vorname, Nachname, Wohnort, Postleitzahl und Inhalte der E-Mail. Wir verarbeiten personenbezogene Daten nur nach ausdr\u00fccklicher Erlaubnis der betreffenden Nutzer und unter Einhaltung der geltenden Datenschutzbestimmungen. Die Verarbeitung der personenbezogenen Daten erfolgt aufgrund unseres berechtigten Interesses zur Beantwortung Ihrer Anfrage, zur Erf\u00fcllung vereinbarter Leistungen und zur Optimierung unseres Online-Angebotes.<\/p>\n<h3><strong>Umgang mit Kontaktdaten<\/strong><\/h3>\n<p>Nehmen Sie mit dem Websitebetreiber durch die angebotenen Kontaktm\u00f6glichkeiten Verbindung auf, werden Ihre Angaben gespeichert, damit auf diese zur Bearbeitung und Beantwortung Ihrer Anfrage zur\u00fcckgegriffen werden kann. Ohne Ihre Einwilligung werden diese Daten nicht an Dritte weitergegeben.<\/p>\n<h3><strong>Statistische Auswertungen der Nutzung der Website<\/strong><\/h3>\n<p>Diese Internetseite verwendet das Plugin <a href=\"http:\/\/www.wp-statistics.com\">WP Statistics<\/a>. Dieses Plugin (ein Zusatzprogramm zu WordPress) dient zur statistischen Auswertung der Besucherzugriffe auf ichtich.de. Damit kann man\u00a0 u.a. ableiten, wieviele Besucher einen Artikel gelesen haben. Die Statistik\u00a0basiert auf den Informationen, die im Rahmen Ihres Besuchs auf dem Blog notwendig anfallen. Die Auswertung findet ausschlie\u00dflich auf dem in Deutschland befindlichen Server der STRATO AG statt. Die IP-Adresse der Besucher wird vor der Verwendung und Speicherung in den Statistiken durch Anonymisierung technisch unkenntlich gemacht.<\/p>\n<p>Die Rechtsgrundlage f\u00fcr die Verarbeitung Ihrer Daten ist unser berechtigtes Interesse an der bedarfsgerechten Gestaltung der Website (Art. 6 Abs. 1 S. 1 lit. f DSGVO).<\/p>\n<h3><strong>Rechte des Nutzers<\/strong><\/h3>\n<p>Sie haben als Nutzer das Recht, auf Antrag eine kostenlose Auskunft dar\u00fcber zu erhalten, welche personenbezogenen Daten \u00fcber Sie gespeichert wurden. Sie haben au\u00dferdem das Recht auf Berichtigung falscher Daten und auf die Verarbeitungseinschr\u00e4nkung oder L\u00f6schung Ihrer personenbezogenen Daten. Falls zutreffend, k\u00f6nnen Sie auch Ihr Recht auf Datenportabilit\u00e4t geltend machen. Sollten Sie annehmen, dass Ihre Daten unrechtm\u00e4\u00dfig verarbeitet wurden, k\u00f6nnen Sie eine Beschwerde bei der zust\u00e4ndigen Aufsichtsbeh\u00f6rde einreichen.<\/p>\n<h3><strong>L\u00f6schung von Daten<\/strong><\/h3>\n<p>Sofern Ihr Wunsch nicht mit einer gesetzlichen Pflicht zur Aufbewahrung von Daten (z. B. Vorratsdatenspeicherung) kollidiert, haben Sie ein Anrecht auf L\u00f6schung Ihrer Daten. Von uns gespeicherte Daten werden, sollten sie f\u00fcr ihre Zweckbestimmung nicht mehr vonn\u00f6ten sein und es keine gesetzlichen Aufbewahrungsfristen geben, gel\u00f6scht. Falls eine L\u00f6schung nicht durchgef\u00fchrt werden kann, da die Daten f\u00fcr zul\u00e4ssige gesetzliche Zwecke erforderlich sind, erfolgt eine Einschr\u00e4nkung der Datenverarbeitung. In diesem Fall werden die Daten gesperrt und nicht f\u00fcr andere Zwecke verarbeitet.<\/p>\n<h3><strong>Widerspruchsrecht<\/strong><\/h3>\n<p>Nutzer dieser Webseite k\u00f6nnen von ihrem Widerspruchsrecht Gebrauch machen und der Verarbeitung ihrer personenbezogenen Daten zu jeder Zeit widersprechen.<\/p>\n<p>Wenn Sie eine Berichtigung, Sperrung, L\u00f6schung oder Auskunft \u00fcber die zu Ihrer Person gespeicherten personenbezogenen Daten w\u00fcnschen oder Fragen bzgl. der Erhebung, Verarbeitung oder Verwendung Ihrer personenbezogenen Daten haben oder erteilte Einwilligungen widerrufen m\u00f6chten, wenden Sie sich bitte an die <a href=\"https:\/\/www.ichtich.de\/?page_id=6\">im Impressum angegebene E-Mail-Adresse<\/a>.<\/p>\n<p>Basierend auf einer Vorlage von (c) <a href=\"https:\/\/www.datenschutz.org\/\">datenschutz.org<\/a><\/p>\n<\/div>\n","protected":false},"excerpt":{"rendered":"<p>Geltungsbereich Diese Datenschutzerkl\u00e4rung soll die Nutzer dieser Website \u00fcber die Art, den Umfang und den Zweck der Erhebung und Verwendung personenbezogener Daten durch den Websitebetreiber informieren. Der Websitebetreiber nimmt Ihren Datenschutz sehr ernst und behandelt Ihre personenbezogenen Daten vertraulich und entsprechend der gesetzlichen Vorschriften. Bedenken Sie, dass die Daten\u00fcbertragung im Internet grunds\u00e4tzlich Sicherheitsl\u00fccken haben kann. [&hellip;]<\/p>\n","protected":false},"author":2,"featured_media":0,"parent":0,"menu_order":0,"comment_status":"closed","ping_status":"closed","template":"","meta":[],"_links":{"self":[{"href":"https:\/\/www.ichtich.de\/index.php?rest_route=\/wp\/v2\/pages\/1329"}],"collection":[{"href":"https:\/\/www.ichtich.de\/index.php?rest_route=\/wp\/v2\/pages"}],"about":[{"href":"https:\/\/www.ichtich.de\/index.php?rest_route=\/wp\/v2\/types\/page"}],"author":[{"embeddable":true,"href":"https:\/\/www.ichtich.de\/index.php?rest_route=\/wp\/v2\/users\/2"}],"replies":[{"embeddable":true,"href":"https:\/\/www.ichtich.de\/index.php?rest_route=%2Fwp%2Fv2%2Fcomments&post=1329"}],"version-history":[{"count":8,"href":"https:\/\/www.ichtich.de\/index.php?rest_route=\/wp\/v2\/pages\/1329\/revisions"}],"predecessor-version":[{"id":3428,"href":"https:\/\/www.ichtich.de\/index.php?rest_route=\/wp\/v2\/pages\/1329\/revisions\/3428"}],"wp:attachment":[{"href":"https:\/\/www.ichtich.de\/index.php?rest_route=%2Fwp%2Fv2%2Fmedia&parent=1329"}],"curies":[{"name":"wp","href":"https:\/\/api.w.org\/{rel}","templated":true}]}}